{"id":2170,"date":"2025-03-03T10:50:44","date_gmt":"2025-03-03T09:50:44","guid":{"rendered":"https:\/\/susana.frings-medienservice.de\/?page_id=2170"},"modified":"2025-03-05T14:39:57","modified_gmt":"2025-03-05T13:39:57","slug":"datenschutz","status":"publish","type":"page","link":"https:\/\/susana.frings-medienservice.de\/en\/datenschutz\/","title":{"rendered":"Terms &amp; Conditions"},"content":{"rendered":"<div data-elementor-type=\"wp-post\" data-elementor-id=\"2170\" class=\"elementor elementor-2170\">\n\t\t\t\t<div class=\"elementor-element elementor-element-1e6bb73 e-flex e-con-boxed e-con e-parent\" data-id=\"1e6bb73\" data-element_type=\"container\" data-settings=\"{&quot;background_background&quot;:&quot;classic&quot;}\">\n\t\t\t\t\t<div class=\"e-con-inner\">\n\t\t<div class=\"elementor-element elementor-element-2ebda9e e-con-full e-flex e-con e-child\" data-id=\"2ebda9e\" data-element_type=\"container\">\n\t\t\t\t<div class=\"elementor-element elementor-element-9874375 elementor-widget elementor-widget-heading\" data-id=\"9874375\" data-element_type=\"widget\" data-widget_type=\"heading.default\">\n\t\t\t\t<div class=\"elementor-widget-container\">\n\t\t\t\t\t<h1 class=\"elementor-heading-title elementor-size-default\">Terms &amp; Conditions<\/h1>\t\t\t\t<\/div>\n\t\t\t\t<\/div>\n\t\t\t\t<\/div>\n\t\t\t\t\t<\/div>\n\t\t\t\t<\/div>\n\t\t<div class=\"elementor-element elementor-element-c837e4b e-flex e-con-boxed e-con e-parent\" data-id=\"c837e4b\" data-element_type=\"container\">\n\t\t\t\t\t<div class=\"e-con-inner\">\n\t\t\t\t<div class=\"elementor-element elementor-element-e4dda33 elementor-widget elementor-widget-heading\" data-id=\"e4dda33\" data-element_type=\"widget\" data-widget_type=\"heading.default\">\n\t\t\t\t<div class=\"elementor-widget-container\">\n\t\t\t\t\t<h2 class=\"elementor-heading-title elementor-size-default\">Datenschutz und Beitr\u00e4ge mit den neuen Essential Addons Plugin<\/h2>\t\t\t\t<\/div>\n\t\t\t\t<\/div>\n\t\t\t\t\t<\/div>\n\t\t\t\t<\/div>\n\t\t<div class=\"elementor-element elementor-element-710ac81 e-flex e-con-boxed e-con e-parent\" data-id=\"710ac81\" data-element_type=\"container\">\n\t\t\t\t\t<div class=\"e-con-inner\">\n\t\t\t\t<div class=\"elementor-element elementor-element-0a53f4a elementor-widget elementor-widget-text-editor\" data-id=\"0a53f4a\" data-element_type=\"widget\" data-widget_type=\"text-editor.default\">\n\t\t\t\t<div class=\"elementor-widget-container\">\n\t\t\t\t\t\t\t\t\t<p>Lorem ipsum dolor sit amet, consetetur sadipscing elitr, sed diam nonumy eirmod tempor invidunt ut labore et dolore magna aliquyam erat, sed diam voluptua. At vero eos et accusam et justo duo dolores et ea rebum. Stet clita kasd gubergren, no sea takimata sanctus est Lorem ipsum dolor sit amet. Lorem ipsum dolor sit amet, consetetur sadipscing elitr, sed diam nonumy eirmod tempor invidunt ut labore et dolore magna aliquyam erat, sed diam voluptua. At vero eos et accusam et justo duo dolores et ea rebum. Stet clita kasd gubergren, no sea takimata sanctus est Lorem ipsum dolor sit amet. Lorem ipsum dolor sit amet, consetetur sadipscing elitr, sed diam nonumy eirmod tempor invidunt ut labore et dolore magna aliquyam erat, sed diam voluptua. At vero eos et accusam et justo duo dolores et ea rebum. Stet clita kasd gubergren, no sea takimata sanctus est Lorem ipsum dolor sit amet.\u00a0 \u00a0<\/p>\t\t\t\t\t\t\t\t<\/div>\n\t\t\t\t<\/div>\n\t\t\t\t\t<\/div>\n\t\t\t\t<\/div>\n\t\t<div class=\"elementor-element elementor-element-8eb5ce2 e-flex e-con-boxed e-con e-parent\" data-id=\"8eb5ce2\" data-element_type=\"container\">\n\t\t\t\t\t<div class=\"e-con-inner\">\n\t\t\t\t<div class=\"elementor-element elementor-element-b2d0918 elementor-grid-eael-col-3 elementor-grid-tablet-eael-col-2 elementor-grid-mobile-eael-col-1 elementor-widget elementor-widget-eael-post-grid\" data-id=\"b2d0918\" data-element_type=\"widget\" data-settings=\"{&quot;eael_post_grid_columns&quot;:&quot;eael-col-3&quot;,&quot;eael_post_grid_columns_tablet&quot;:&quot;eael-col-2&quot;,&quot;eael_post_grid_columns_mobile&quot;:&quot;eael-col-1&quot;}\" data-widget_type=\"eael-post-grid.default\">\n\t\t\t\t<div class=\"elementor-widget-container\">\n\t\t\t\t\t<div id=\"eael-post-grid-b2d0918\" class=\"eael-post-grid-container\">\n            <div class=\"eael-post-grid eael-post-appender eael-post-appender-b2d0918 eael-post-grid-style-three\" data-layout-mode=\"grid\"><article class=\"eael-grid-post eael-post-grid-column\" data-id=\"1570\">\n        <div class=\"eael-grid-post-holder\">\n            <div class=\"eael-grid-post-holder-inner\"><div class=\"eael-entry-media\"><div class=\"eael-entry-overlay slide-up\"><i class=\"fas fa-road\" aria-hidden=\"true\"><\/i><a href=\"https:\/\/susana.frings-medienservice.de\/en\/cuba\/\"><\/a><\/div><div class=\"eael-entry-thumbnail eael-image-ratio\">\n                 <img fetchpriority=\"high\" decoding=\"async\" width=\"1707\" height=\"2560\" src=\"https:\/\/susana.frings-medienservice.de\/wp-content\/uploads\/2025\/02\/cuba-8-scaled.jpg\" class=\"attachment-full size-full wp-image-1641\" alt=\"Cuba Colonial Archictectur &amp; Old Mobiles\" srcset=\"https:\/\/susana.frings-medienservice.de\/wp-content\/uploads\/2025\/02\/cuba-8-scaled.jpg 1707w, https:\/\/susana.frings-medienservice.de\/wp-content\/uploads\/2025\/02\/cuba-8-200x300.jpg 200w, https:\/\/susana.frings-medienservice.de\/wp-content\/uploads\/2025\/02\/cuba-8-683x1024.jpg 683w, https:\/\/susana.frings-medienservice.de\/wp-content\/uploads\/2025\/02\/cuba-8-768x1152.jpg 768w, https:\/\/susana.frings-medienservice.de\/wp-content\/uploads\/2025\/02\/cuba-8-1024x1536.jpg 1024w, https:\/\/susana.frings-medienservice.de\/wp-content\/uploads\/2025\/02\/cuba-8-1365x2048.jpg 1365w\" sizes=\"(max-width: 1707px) 100vw, 1707px\" \/>\n             <\/div>\n        <\/div><div class=\"eael-entry-wrapper\"><header class=\"eael-entry-header\"><h2 class=\"eael-entry-title\"><a\n                        class=\"eael-grid-post-link\"\n                        href=\"https:\/\/susana.frings-medienservice.de\/en\/cuba\/\"\n                        title=\"Cuba\">Cuba<\/a><\/h2><\/header><div class=\"eael-entry-meta\"><\/div><div class=\"eael-entry-content\">\n                        <div class=\"eael-grid-post-excerpt\"><p>Cuba, oficialmente Rep\u00fablica de Cuba, \u00e9 um pa\u00eds insular localizado...<\/p><a\n                            href=\"https:\/\/susana.frings-medienservice.de\/en\/cuba\/\"\n                            class=\"eael-post-elements-readmore-btn\">Weiterlesen<\/a><\/div>\n                    <\/div><\/div><\/div>\n        <\/div>\n    <\/article><article class=\"eael-grid-post eael-post-grid-column\" data-id=\"1569\">\n        <div class=\"eael-grid-post-holder\">\n            <div class=\"eael-grid-post-holder-inner\"><div class=\"eael-entry-media\"><div class=\"eael-entry-overlay slide-up\"><i class=\"fas fa-road\" aria-hidden=\"true\"><\/i><a href=\"https:\/\/susana.frings-medienservice.de\/en\/portugal\/\"><\/a><\/div><div class=\"eael-entry-thumbnail eael-image-ratio\">\n                 <img decoding=\"async\" width=\"1280\" height=\"853\" src=\"https:\/\/susana.frings-medienservice.de\/wp-content\/uploads\/2025\/02\/g0d6fe4a57cf951ff5c70f52136473dd78763587ecc22685b76f3cff16180acbd5a2f5e44a14e189bc786ba060751ddad84940948b8f87b87f7e9a69676b4aca1_1280-8268841.jpg\" class=\"attachment-full size-full wp-image-1704\" alt=\"lisbon, tram, portugal, means of transport, traffic, vacations, tourism, travel, city, urban, city vacation, europe, portugal, portugal, portugal, portugal, portugal\" srcset=\"https:\/\/susana.frings-medienservice.de\/wp-content\/uploads\/2025\/02\/g0d6fe4a57cf951ff5c70f52136473dd78763587ecc22685b76f3cff16180acbd5a2f5e44a14e189bc786ba060751ddad84940948b8f87b87f7e9a69676b4aca1_1280-8268841.jpg 1280w, https:\/\/susana.frings-medienservice.de\/wp-content\/uploads\/2025\/02\/g0d6fe4a57cf951ff5c70f52136473dd78763587ecc22685b76f3cff16180acbd5a2f5e44a14e189bc786ba060751ddad84940948b8f87b87f7e9a69676b4aca1_1280-8268841-300x200.jpg 300w, https:\/\/susana.frings-medienservice.de\/wp-content\/uploads\/2025\/02\/g0d6fe4a57cf951ff5c70f52136473dd78763587ecc22685b76f3cff16180acbd5a2f5e44a14e189bc786ba060751ddad84940948b8f87b87f7e9a69676b4aca1_1280-8268841-1024x682.jpg 1024w, https:\/\/susana.frings-medienservice.de\/wp-content\/uploads\/2025\/02\/g0d6fe4a57cf951ff5c70f52136473dd78763587ecc22685b76f3cff16180acbd5a2f5e44a14e189bc786ba060751ddad84940948b8f87b87f7e9a69676b4aca1_1280-8268841-768x512.jpg 768w\" sizes=\"(max-width: 1280px) 100vw, 1280px\" \/>\n             <\/div>\n        <\/div><div class=\"eael-entry-wrapper\"><header class=\"eael-entry-header\"><h2 class=\"eael-entry-title\"><a\n                        class=\"eael-grid-post-link\"\n                        href=\"https:\/\/susana.frings-medienservice.de\/en\/portugal\/\"\n                        title=\"Portugal\">Portugal<\/a><\/h2><\/header><div class=\"eael-entry-meta\"><\/div><div class=\"eael-entry-content\">\n                        <div class=\"eael-grid-post-excerpt\"><p>Portugal ist nicht nur das Land der Entdecker, sondern steckt...<\/p><a\n                            href=\"https:\/\/susana.frings-medienservice.de\/en\/portugal\/\"\n                            class=\"eael-post-elements-readmore-btn\">Weiterlesen<\/a><\/div>\n                    <\/div><\/div><\/div>\n        <\/div>\n    <\/article><article class=\"eael-grid-post eael-post-grid-column\" data-id=\"1\">\n        <div class=\"eael-grid-post-holder\">\n            <div class=\"eael-grid-post-holder-inner\"><div class=\"eael-entry-media\"><div class=\"eael-entry-overlay slide-up\"><i class=\"fas fa-road\" aria-hidden=\"true\"><\/i><a href=\"https:\/\/susana.frings-medienservice.de\/en\/thailand\/\"><\/a><\/div><div class=\"eael-entry-thumbnail eael-image-ratio\">\n                 <img decoding=\"async\" width=\"1200\" height=\"627\" src=\"https:\/\/susana.frings-medienservice.de\/wp-content\/uploads\/2025\/02\/pexels-photo-937465-937465.jpg\" class=\"attachment-full size-full wp-image-1686\" alt=\"A majestic golden Buddha statue against a serene blue sky, symbolizing peace and spirituality.\" srcset=\"https:\/\/susana.frings-medienservice.de\/wp-content\/uploads\/2025\/02\/pexels-photo-937465-937465.jpg 1200w, https:\/\/susana.frings-medienservice.de\/wp-content\/uploads\/2025\/02\/pexels-photo-937465-937465-300x157.jpg 300w, https:\/\/susana.frings-medienservice.de\/wp-content\/uploads\/2025\/02\/pexels-photo-937465-937465-1024x535.jpg 1024w, https:\/\/susana.frings-medienservice.de\/wp-content\/uploads\/2025\/02\/pexels-photo-937465-937465-768x401.jpg 768w\" sizes=\"(max-width: 1200px) 100vw, 1200px\" \/>\n             <\/div>\n        <\/div><div class=\"eael-entry-wrapper\"><header class=\"eael-entry-header\"><h2 class=\"eael-entry-title\"><a\n                        class=\"eael-grid-post-link\"\n                        href=\"https:\/\/susana.frings-medienservice.de\/en\/thailand\/\"\n                        title=\"Thailand\">Thailand<\/a><\/h2><\/header><div class=\"eael-entry-meta\"><\/div><div class=\"eael-entry-content\">\n                        <div class=\"eael-grid-post-excerpt\"><p>Ein Blick aus dem Fenster verr\u00e4t dir, dass dich nur...<\/p><a\n                            href=\"https:\/\/susana.frings-medienservice.de\/en\/thailand\/\"\n                            class=\"eael-post-elements-readmore-btn\">Weiterlesen<\/a><\/div>\n                    <\/div><\/div><\/div>\n        <\/div>\n    <\/article><\/div>\n            <div class=\"clearfix\"><\/div>\n        <\/div>\t\t\t\t<\/div>\n\t\t\t\t<\/div>\n\t\t\t\t\t<\/div>\n\t\t\t\t<\/div>\n\t\t\t\t<\/div>","protected":false},"excerpt":{"rendered":"<p>Datenschutz Datenschutz und Beitr\u00e4ge mit den neuen Essential Addons Plugin Lorem ipsum dolor sit amet, consetetur sadipscing elitr, sed diam [&hellip;]<\/p>","protected":false},"author":1,"featured_media":0,"parent":0,"menu_order":0,"comment_status":"closed","ping_status":"closed","template":"","meta":{"site-sidebar-layout":"no-sidebar","site-content-layout":"page-builder","ast-site-content-layout":"full-width-container","site-content-style":"unboxed","site-sidebar-style":"unboxed","ast-global-header-display":"","ast-banner-title-visibility":"","ast-main-header-display":"","ast-hfb-above-header-display":"","ast-hfb-below-header-display":"","ast-hfb-mobile-header-display":"","site-post-title":"disabled","ast-breadcrumbs-content":"","ast-featured-img":"disabled","footer-sml-layout":"","theme-transparent-header-meta":"enabled","adv-header-id-meta":"","stick-header-meta":"","header-above-stick-meta":"","header-main-stick-meta":"","header-below-stick-meta":"","astra-migrate-meta-layouts":"set","ast-page-background-enabled":"default","ast-page-background-meta":{"desktop":{"background-color":"","background-image":"","background-repeat":"repeat","background-position":"center center","background-size":"auto","background-attachment":"scroll","background-type":"","background-media":"","overlay-type":"","overlay-color":"","overlay-opacity":"","overlay-gradient":""},"tablet":{"background-color":"","background-image":"","background-repeat":"repeat","background-position":"center center","background-size":"auto","background-attachment":"scroll","background-type":"","background-media":"","overlay-type":"","overlay-color":"","overlay-opacity":"","overlay-gradient":""},"mobile":{"background-color":"","background-image":"","background-repeat":"repeat","background-position":"center center","background-size":"auto","background-attachment":"scroll","background-type":"","background-media":"","overlay-type":"","overlay-color":"","overlay-opacity":"","overlay-gradient":""}},"ast-content-background-meta":{"desktop":{"background-color":"var(--ast-global-color-5)","background-image":"","background-repeat":"repeat","background-position":"center center","background-size":"auto","background-attachment":"scroll","background-type":"","background-media":"","overlay-type":"","overlay-color":"","overlay-opacity":"","overlay-gradient":""},"tablet":{"background-color":"var(--ast-global-color-5)","background-image":"","background-repeat":"repeat","background-position":"center center","background-size":"auto","background-attachment":"scroll","background-type":"","background-media":"","overlay-type":"","overlay-color":"","overlay-opacity":"","overlay-gradient":""},"mobile":{"background-color":"var(--ast-global-color-5)","background-image":"","background-repeat":"repeat","background-position":"center center","background-size":"auto","background-attachment":"scroll","background-type":"","background-media":"","overlay-type":"","overlay-color":"","overlay-opacity":"","overlay-gradient":""}},"footnotes":""},"class_list":["post-2170","page","type-page","status-publish","hentry"],"yoast_head":"<!-- This site is optimized with the Yoast SEO plugin v24.6 - https:\/\/yoast.com\/wordpress\/plugins\/seo\/ -->\n<title>Datenschutz - Wunderbare Reisen<\/title>\n<meta name=\"robots\" content=\"index, follow, max-snippet:-1, max-image-preview:large, max-video-preview:-1\" \/>\n<link rel=\"canonical\" href=\"https:\/\/susana.frings-medienservice.de\/en\/datenschutz\/\" \/>\n<meta property=\"og:locale\" content=\"en_US\" \/>\n<meta property=\"og:type\" content=\"article\" \/>\n<meta property=\"og:title\" content=\"Datenschutz - Wunderbare Reisen\" \/>\n<meta property=\"og:description\" content=\"Datenschutz Datenschutz und Beitr\u00e4ge mit den neuen Essential Addons Plugin Lorem ipsum dolor sit amet, consetetur sadipscing elitr, sed diam [&hellip;]\" \/>\n<meta property=\"og:url\" content=\"https:\/\/susana.frings-medienservice.de\/en\/datenschutz\/\" \/>\n<meta property=\"og:site_name\" content=\"Wunderbare Reisen\" \/>\n<meta property=\"article:modified_time\" content=\"2025-03-05T13:39:57+00:00\" \/>\n<meta property=\"og:image\" content=\"https:\/\/susana.frings-medienservice.de\/wp-content\/uploads\/2025\/02\/cuba-8-scaled.jpg\" \/>\n\t<meta property=\"og:image:width\" content=\"1707\" \/>\n\t<meta property=\"og:image:height\" content=\"2560\" \/>\n\t<meta property=\"og:image:type\" content=\"image\/jpeg\" \/>\n<meta name=\"twitter:card\" content=\"summary_large_image\" \/>\n<meta name=\"twitter:label1\" content=\"Est. reading time\" \/>\n\t<meta name=\"twitter:data1\" content=\"2 minutes\" \/>\n<script type=\"application\/ld+json\" class=\"yoast-schema-graph\">{\"@context\":\"https:\/\/schema.org\",\"@graph\":[{\"@type\":\"WebPage\",\"@id\":\"https:\/\/susana.frings-medienservice.de\/datenschutz\/\",\"url\":\"https:\/\/susana.frings-medienservice.de\/datenschutz\/\",\"name\":\"Datenschutz - Wunderbare Reisen\",\"isPartOf\":{\"@id\":\"https:\/\/susana.frings-medienservice.de\/#website\"},\"primaryImageOfPage\":{\"@id\":\"https:\/\/susana.frings-medienservice.de\/datenschutz\/#primaryimage\"},\"image\":{\"@id\":\"https:\/\/susana.frings-medienservice.de\/datenschutz\/#primaryimage\"},\"thumbnailUrl\":\"https:\/\/susana.frings-medienservice.de\/wp-content\/uploads\/2025\/02\/cuba-8-scaled.jpg\",\"datePublished\":\"2025-03-03T09:50:44+00:00\",\"dateModified\":\"2025-03-05T13:39:57+00:00\",\"breadcrumb\":{\"@id\":\"https:\/\/susana.frings-medienservice.de\/datenschutz\/#breadcrumb\"},\"inLanguage\":\"en-US\",\"potentialAction\":[{\"@type\":\"ReadAction\",\"target\":[\"https:\/\/susana.frings-medienservice.de\/datenschutz\/\"]}]},{\"@type\":\"ImageObject\",\"inLanguage\":\"en-US\",\"@id\":\"https:\/\/susana.frings-medienservice.de\/datenschutz\/#primaryimage\",\"url\":\"https:\/\/susana.frings-medienservice.de\/wp-content\/uploads\/2025\/02\/cuba-8-scaled.jpg\",\"contentUrl\":\"https:\/\/susana.frings-medienservice.de\/wp-content\/uploads\/2025\/02\/cuba-8-scaled.jpg\"},{\"@type\":\"BreadcrumbList\",\"@id\":\"https:\/\/susana.frings-medienservice.de\/datenschutz\/#breadcrumb\",\"itemListElement\":[{\"@type\":\"ListItem\",\"position\":1,\"name\":\"Startseite\",\"item\":\"https:\/\/susana.frings-medienservice.de\/\"},{\"@type\":\"ListItem\",\"position\":2,\"name\":\"Datenschutz\"}]},{\"@type\":\"WebSite\",\"@id\":\"https:\/\/susana.frings-medienservice.de\/#website\",\"url\":\"https:\/\/susana.frings-medienservice.de\/\",\"name\":\"Wunderbare Reisen\",\"description\":\"Wunderbare Reisen GmbH Website\",\"publisher\":{\"@id\":\"https:\/\/susana.frings-medienservice.de\/#organization\"},\"potentialAction\":[{\"@type\":\"SearchAction\",\"target\":{\"@type\":\"EntryPoint\",\"urlTemplate\":\"https:\/\/susana.frings-medienservice.de\/?s={search_term_string}\"},\"query-input\":{\"@type\":\"PropertyValueSpecification\",\"valueRequired\":true,\"valueName\":\"search_term_string\"}}],\"inLanguage\":\"en-US\"},{\"@type\":\"Organization\",\"@id\":\"https:\/\/susana.frings-medienservice.de\/#organization\",\"name\":\"Wunderbare Reisen\",\"url\":\"https:\/\/susana.frings-medienservice.de\/\",\"logo\":{\"@type\":\"ImageObject\",\"inLanguage\":\"en-US\",\"@id\":\"https:\/\/susana.frings-medienservice.de\/#\/schema\/logo\/image\/\",\"url\":\"https:\/\/susana.frings-medienservice.de\/wp-content\/uploads\/2025\/02\/logo-white-transparent.png\",\"contentUrl\":\"https:\/\/susana.frings-medienservice.de\/wp-content\/uploads\/2025\/02\/logo-white-transparent.png\",\"width\":500,\"height\":500,\"caption\":\"Wunderbare Reisen\"},\"image\":{\"@id\":\"https:\/\/susana.frings-medienservice.de\/#\/schema\/logo\/image\/\"}}]}<\/script>\n<!-- \/ Yoast SEO plugin. -->","yoast_head_json":{"title":"Datenschutz - Wunderbare Reisen","robots":{"index":"index","follow":"follow","max-snippet":"max-snippet:-1","max-image-preview":"max-image-preview:large","max-video-preview":"max-video-preview:-1"},"canonical":"https:\/\/susana.frings-medienservice.de\/en\/datenschutz\/","og_locale":"en_US","og_type":"article","og_title":"Datenschutz - Wunderbare Reisen","og_description":"Datenschutz Datenschutz und Beitr\u00e4ge mit den neuen Essential Addons Plugin Lorem ipsum dolor sit amet, consetetur sadipscing elitr, sed diam [&hellip;]","og_url":"https:\/\/susana.frings-medienservice.de\/en\/datenschutz\/","og_site_name":"Wunderbare Reisen","article_modified_time":"2025-03-05T13:39:57+00:00","og_image":[{"width":1707,"height":2560,"url":"https:\/\/susana.frings-medienservice.de\/wp-content\/uploads\/2025\/02\/cuba-8-scaled.jpg","type":"image\/jpeg"}],"twitter_card":"summary_large_image","twitter_misc":{"Est. reading time":"2 minutes"},"schema":{"@context":"https:\/\/schema.org","@graph":[{"@type":"WebPage","@id":"https:\/\/susana.frings-medienservice.de\/datenschutz\/","url":"https:\/\/susana.frings-medienservice.de\/datenschutz\/","name":"Datenschutz - Wunderbare Reisen","isPartOf":{"@id":"https:\/\/susana.frings-medienservice.de\/#website"},"primaryImageOfPage":{"@id":"https:\/\/susana.frings-medienservice.de\/datenschutz\/#primaryimage"},"image":{"@id":"https:\/\/susana.frings-medienservice.de\/datenschutz\/#primaryimage"},"thumbnailUrl":"https:\/\/susana.frings-medienservice.de\/wp-content\/uploads\/2025\/02\/cuba-8-scaled.jpg","datePublished":"2025-03-03T09:50:44+00:00","dateModified":"2025-03-05T13:39:57+00:00","breadcrumb":{"@id":"https:\/\/susana.frings-medienservice.de\/datenschutz\/#breadcrumb"},"inLanguage":"en-US","potentialAction":[{"@type":"ReadAction","target":["https:\/\/susana.frings-medienservice.de\/datenschutz\/"]}]},{"@type":"ImageObject","inLanguage":"en-US","@id":"https:\/\/susana.frings-medienservice.de\/datenschutz\/#primaryimage","url":"https:\/\/susana.frings-medienservice.de\/wp-content\/uploads\/2025\/02\/cuba-8-scaled.jpg","contentUrl":"https:\/\/susana.frings-medienservice.de\/wp-content\/uploads\/2025\/02\/cuba-8-scaled.jpg"},{"@type":"BreadcrumbList","@id":"https:\/\/susana.frings-medienservice.de\/datenschutz\/#breadcrumb","itemListElement":[{"@type":"ListItem","position":1,"name":"Startseite","item":"https:\/\/susana.frings-medienservice.de\/"},{"@type":"ListItem","position":2,"name":"Datenschutz"}]},{"@type":"WebSite","@id":"https:\/\/susana.frings-medienservice.de\/#website","url":"https:\/\/susana.frings-medienservice.de\/","name":"Wunderbare Reisen","description":"Wunderbare Reisen GmbH Website","publisher":{"@id":"https:\/\/susana.frings-medienservice.de\/#organization"},"potentialAction":[{"@type":"SearchAction","target":{"@type":"EntryPoint","urlTemplate":"https:\/\/susana.frings-medienservice.de\/?s={search_term_string}"},"query-input":{"@type":"PropertyValueSpecification","valueRequired":true,"valueName":"search_term_string"}}],"inLanguage":"en-US"},{"@type":"Organization","@id":"https:\/\/susana.frings-medienservice.de\/#organization","name":"Wunderbare Reisen","url":"https:\/\/susana.frings-medienservice.de\/","logo":{"@type":"ImageObject","inLanguage":"en-US","@id":"https:\/\/susana.frings-medienservice.de\/#\/schema\/logo\/image\/","url":"https:\/\/susana.frings-medienservice.de\/wp-content\/uploads\/2025\/02\/logo-white-transparent.png","contentUrl":"https:\/\/susana.frings-medienservice.de\/wp-content\/uploads\/2025\/02\/logo-white-transparent.png","width":500,"height":500,"caption":"Wunderbare Reisen"},"image":{"@id":"https:\/\/susana.frings-medienservice.de\/#\/schema\/logo\/image\/"}}]}},"_links":{"self":[{"href":"https:\/\/susana.frings-medienservice.de\/en\/wp-json\/wp\/v2\/pages\/2170","targetHints":{"allow":["GET"]}}],"collection":[{"href":"https:\/\/susana.frings-medienservice.de\/en\/wp-json\/wp\/v2\/pages"}],"about":[{"href":"https:\/\/susana.frings-medienservice.de\/en\/wp-json\/wp\/v2\/types\/page"}],"author":[{"embeddable":true,"href":"https:\/\/susana.frings-medienservice.de\/en\/wp-json\/wp\/v2\/users\/1"}],"replies":[{"embeddable":true,"href":"https:\/\/susana.frings-medienservice.de\/en\/wp-json\/wp\/v2\/comments?post=2170"}],"version-history":[{"count":10,"href":"https:\/\/susana.frings-medienservice.de\/en\/wp-json\/wp\/v2\/pages\/2170\/revisions"}],"predecessor-version":[{"id":2510,"href":"https:\/\/susana.frings-medienservice.de\/en\/wp-json\/wp\/v2\/pages\/2170\/revisions\/2510"}],"wp:attachment":[{"href":"https:\/\/susana.frings-medienservice.de\/en\/wp-json\/wp\/v2\/media?parent=2170"}],"curies":[{"name":"wp","href":"https:\/\/api.w.org\/{rel}","templated":true}]}}